{"id":3050,"date":"2021-11-21T15:14:19","date_gmt":"2021-11-21T15:14:19","guid":{"rendered":"https:\/\/zotrocks.com\/clspartners\/?page_id=3050"},"modified":"2023-07-03T11:26:18","modified_gmt":"2023-07-03T11:26:18","slug":"english-to-spanish-translation","status":"publish","type":"page","link":"https:\/\/www.clspartners.co.uk\/es\/english-to-spanish-translation\/","title":{"rendered":"Traducci\u00f3n de ingl\u00e9s a espa\u00f1ol"},"content":{"rendered":"<div data-elementor-type=\"wp-page\" data-elementor-id=\"3050\" class=\"elementor elementor-3050\">\n\t\t\t\t\t\t\t\t\t<section class=\"elementor-section elementor-top-section elementor-element elementor-element-aadd0d1 elementor-section-boxed elementor-section-height-default elementor-section-height-default\" data-id=\"aadd0d1\" data-element_type=\"section\">\n\t\t\t\t\t\t<div class=\"elementor-container elementor-column-gap-default\">\n\t\t\t\t\t<div class=\"elementor-column elementor-col-100 elementor-top-column elementor-element elementor-element-f265e26\" data-id=\"f265e26\" data-element_type=\"column\">\n\t\t\t<div class=\"elementor-widget-wrap elementor-element-populated\">\n\t\t\t\t\t\t\t\t<div class=\"elementor-element elementor-element-7249bba elementor-widget elementor-widget-spacer\" data-id=\"7249bba\" data-element_type=\"widget\" data-widget_type=\"spacer.default\">\n\t\t\t\t<div class=\"elementor-widget-container\">\n\t\t\t<style>\/*! elementor - v3.14.0 - 26-06-2023 *\/\n.elementor-column .elementor-spacer-inner{height:var(--spacer-size)}.e-con{--container-widget-width:100%}.e-con-inner>.elementor-widget-spacer,.e-con>.elementor-widget-spacer{width:var(--container-widget-width,var(--spacer-size));--align-self:var(--container-widget-align-self,initial);--flex-shrink:0}.e-con-inner>.elementor-widget-spacer>.elementor-widget-container,.e-con-inner>.elementor-widget-spacer>.elementor-widget-container>.elementor-spacer,.e-con>.elementor-widget-spacer>.elementor-widget-container,.e-con>.elementor-widget-spacer>.elementor-widget-container>.elementor-spacer{height:100%}.e-con-inner>.elementor-widget-spacer>.elementor-widget-container>.elementor-spacer>.elementor-spacer-inner,.e-con>.elementor-widget-spacer>.elementor-widget-container>.elementor-spacer>.elementor-spacer-inner{height:var(--container-widget-height,var(--spacer-size))}<\/style>\t\t<div class=\"elementor-spacer\">\n\t\t\t<div class=\"elementor-spacer-inner\"><\/div>\n\t\t<\/div>\n\t\t\t\t<\/div>\n\t\t\t\t<\/div>\n\t\t\t\t\t<\/div>\n\t\t<\/div>\n\t\t\t\t\t\t\t<\/div>\n\t\t<\/section>\n\t\t\t\t<section class=\"elementor-section elementor-top-section elementor-element elementor-element-0cd7c20 elementor-section-boxed elementor-section-height-default elementor-section-height-default\" data-id=\"0cd7c20\" data-element_type=\"section\">\n\t\t\t\t\t\t<div class=\"elementor-container elementor-column-gap-default\">\n\t\t\t\t\t<div class=\"elementor-column elementor-col-100 elementor-top-column elementor-element elementor-element-95b0474\" data-id=\"95b0474\" data-element_type=\"column\">\n\t\t\t<div class=\"elementor-widget-wrap elementor-element-populated\">\n\t\t\t\t\t\t\t\t<div class=\"elementor-element elementor-element-437bc33 elementor-widget elementor-widget-heading\" data-id=\"437bc33\" data-element_type=\"widget\" data-widget_type=\"heading.default\">\n\t\t\t\t<div class=\"elementor-widget-container\">\n\t\t\t<style>\/*! elementor - v3.14.0 - 26-06-2023 *\/\n.elementor-heading-title{padding:0;margin:0;line-height:1}.elementor-widget-heading .elementor-heading-title[class*=elementor-size-]>a{color:inherit;font-size:inherit;line-height:inherit}.elementor-widget-heading .elementor-heading-title.elementor-size-small{font-size:15px}.elementor-widget-heading .elementor-heading-title.elementor-size-medium{font-size:19px}.elementor-widget-heading .elementor-heading-title.elementor-size-large{font-size:29px}.elementor-widget-heading .elementor-heading-title.elementor-size-xl{font-size:39px}.elementor-widget-heading .elementor-heading-title.elementor-size-xxl{font-size:59px}<\/style><h1 class=\"elementor-heading-title elementor-size-large\">English-to-Spanish Translation Service<\/h1>\t\t<\/div>\n\t\t\t\t<\/div>\n\t\t\t\t\t<\/div>\n\t\t<\/div>\n\t\t\t\t\t\t\t<\/div>\n\t\t<\/section>\n\t\t\t\t<section class=\"elementor-section elementor-top-section elementor-element elementor-element-5f85100 elementor-section-boxed elementor-section-height-default elementor-section-height-default\" data-id=\"5f85100\" data-element_type=\"section\">\n\t\t\t\t\t\t<div class=\"elementor-container elementor-column-gap-default\">\n\t\t\t\t\t<div class=\"elementor-column elementor-col-100 elementor-top-column elementor-element elementor-element-f394cfb\" data-id=\"f394cfb\" data-element_type=\"column\">\n\t\t\t<div class=\"elementor-widget-wrap elementor-element-populated\">\n\t\t\t\t\t\t\t\t<div class=\"elementor-element elementor-element-646d928 elementor-widget elementor-widget-spacer\" data-id=\"646d928\" data-element_type=\"widget\" data-widget_type=\"spacer.default\">\n\t\t\t\t<div class=\"elementor-widget-container\">\n\t\t\t\t\t<div class=\"elementor-spacer\">\n\t\t\t<div class=\"elementor-spacer-inner\"><\/div>\n\t\t<\/div>\n\t\t\t\t<\/div>\n\t\t\t\t<\/div>\n\t\t\t\t\t<\/div>\n\t\t<\/div>\n\t\t\t\t\t\t\t<\/div>\n\t\t<\/section>\n\t\t\t\t<section class=\"elementor-section elementor-top-section elementor-element elementor-element-318023f elementor-section-boxed elementor-section-height-default elementor-section-height-default\" data-id=\"318023f\" data-element_type=\"section\">\n\t\t\t\t\t\t<div class=\"elementor-container elementor-column-gap-default\">\n\t\t\t\t\t<div class=\"elementor-column elementor-col-100 elementor-top-column elementor-element elementor-element-7db7238\" data-id=\"7db7238\" data-element_type=\"column\">\n\t\t\t<div class=\"elementor-widget-wrap elementor-element-populated\">\n\t\t\t\t\t\t\t\t<div class=\"elementor-element elementor-element-06fe589 elementor-widget elementor-widget-heading\" data-id=\"06fe589\" data-element_type=\"widget\" data-widget_type=\"heading.default\">\n\t\t\t\t<div class=\"elementor-widget-container\">\n\t\t\t<h2 class=\"elementor-heading-title elementor-size-default\">Interact With Spanish Clients With The Finest Translations<\/h2>\t\t<\/div>\n\t\t\t\t<\/div>\n\t\t\t\t<div class=\"elementor-element elementor-element-ab1e8e8 elementor-widget elementor-widget-text-editor\" data-id=\"ab1e8e8\" data-element_type=\"widget\" data-widget_type=\"text-editor.default\">\n\t\t\t\t<div class=\"elementor-widget-container\">\n\t\t\t<style>\/*! elementor - v3.14.0 - 26-06-2023 *\/\n.elementor-widget-text-editor.elementor-drop-cap-view-stacked .elementor-drop-cap{background-color:#69727d;color:#fff}.elementor-widget-text-editor.elementor-drop-cap-view-framed .elementor-drop-cap{color:#69727d;border:3px solid;background-color:transparent}.elementor-widget-text-editor:not(.elementor-drop-cap-view-default) .elementor-drop-cap{margin-top:8px}.elementor-widget-text-editor:not(.elementor-drop-cap-view-default) .elementor-drop-cap-letter{width:1em;height:1em}.elementor-widget-text-editor .elementor-drop-cap{float:left;text-align:center;line-height:1;font-size:50px}.elementor-widget-text-editor .elementor-drop-cap-letter{display:inline-block}<\/style>\t\t\t\t<p><span style=\"font-weight: 400;\">Customer expectations for quick <strong>English-to-Spanish translation services<\/strong> have fundamentally changed as a result of the digital economy. Businesses don&#8217;t want to keep their international customers waiting for days or weeks for high-quality Spanish content. Agility is a requirement for professional Spanish translation services if they are to adapt to the demands of quickly expanding global markets. At\u00a0 <\/span><b>CLS &amp; Partners, <\/b><span style=\"font-weight: 400;\">we offer the most professional, quick, and accurate language translations available. Spanish translations will always be delivered on time and continuously at the lowest possible cost thanks to our flexible and scalable solutions.<\/span><\/p>\t\t\t\t\t\t<\/div>\n\t\t\t\t<\/div>\n\t\t\t\t\t<\/div>\n\t\t<\/div>\n\t\t\t\t\t\t\t<\/div>\n\t\t<\/section>\n\t\t\t\t<section class=\"elementor-section elementor-top-section elementor-element elementor-element-df2e03e elementor-section-boxed elementor-section-height-default elementor-section-height-default\" data-id=\"df2e03e\" data-element_type=\"section\">\n\t\t\t\t\t\t<div class=\"elementor-container elementor-column-gap-default\">\n\t\t\t\t\t<div class=\"elementor-column elementor-col-100 elementor-top-column elementor-element elementor-element-f4bb14d\" data-id=\"f4bb14d\" data-element_type=\"column\">\n\t\t\t<div class=\"elementor-widget-wrap elementor-element-populated\">\n\t\t\t\t\t\t\t\t<div class=\"elementor-element elementor-element-9d5e016 elementor-widget elementor-widget-heading\" data-id=\"9d5e016\" data-element_type=\"widget\" data-widget_type=\"heading.default\">\n\t\t\t\t<div class=\"elementor-widget-container\">\n\t\t\t<h2 class=\"elementor-heading-title elementor-size-default\">What Are The Benefits Of Hiring Our English-to-Spanish Translation Services?<\/h2>\t\t<\/div>\n\t\t\t\t<\/div>\n\t\t\t\t<div class=\"elementor-element elementor-element-0acfaec elementor-widget elementor-widget-text-editor\" data-id=\"0acfaec\" data-element_type=\"widget\" data-widget_type=\"text-editor.default\">\n\t\t\t\t<div class=\"elementor-widget-container\">\n\t\t\t\t\t\t\t<p><span style=\"font-weight: 400;\">Spanish is the second most spoken language in the world, with 450 million native speakers and about 75 million people who speak it as a second language. 13% of people in the US alone identify Spanish as their first language. According to experts, the US will surpass Mexico as the largest Spanish-speaking nation by the year 2050. This means that in order to reach a wider audience, you should take into account Spanish in addition to English when translating content or localizing your business for a US audience.<\/span><\/p><p>\u00a0<\/p><p><span style=\"font-weight: 400;\">However, because there are roughly ten distinct dialects spoken throughout the world, and because regional differences in culture, grammatical structure, and vocabulary can affect translation, it can be challenging to get your Spanish translation right. The way you translate your content may be entirely different depending on whether you&#8217;re translating for the European Spanish-speaking or the Latin-American audience. Beyond that, various Central and South American nations as well as various regions in Spain speak various dialects and have their own slang. It is crucial to use a native speaker who can connect with the Spanish-speaking audience you are translating for.<\/span><\/p>\t\t\t\t\t\t<\/div>\n\t\t\t\t<\/div>\n\t\t\t\t\t<\/div>\n\t\t<\/div>\n\t\t\t\t\t\t\t<\/div>\n\t\t<\/section>\n\t\t\t\t<section class=\"elementor-section elementor-top-section elementor-element elementor-element-140c74c elementor-section-boxed elementor-section-height-default elementor-section-height-default\" data-id=\"140c74c\" data-element_type=\"section\">\n\t\t\t\t\t\t<div class=\"elementor-container elementor-column-gap-default\">\n\t\t\t\t\t<div class=\"elementor-column elementor-col-100 elementor-top-column elementor-element elementor-element-84c49ae\" data-id=\"84c49ae\" data-element_type=\"column\">\n\t\t\t<div class=\"elementor-widget-wrap elementor-element-populated\">\n\t\t\t\t\t\t\t\t<div class=\"elementor-element elementor-element-dbf0889 elementor-widget elementor-widget-heading\" data-id=\"dbf0889\" data-element_type=\"widget\" data-widget_type=\"heading.default\">\n\t\t\t\t<div class=\"elementor-widget-container\">\n\t\t\t<h3 class=\"elementor-heading-title elementor-size-default\">Professional English-to-Spanish Translation Services<\/h3>\t\t<\/div>\n\t\t\t\t<\/div>\n\t\t\t\t<div class=\"elementor-element elementor-element-97c9ef9 elementor-widget elementor-widget-text-editor\" data-id=\"97c9ef9\" data-element_type=\"widget\" data-widget_type=\"text-editor.default\">\n\t\t\t\t<div class=\"elementor-widget-container\">\n\t\t\t\t\t\t\t<p><span style=\"font-weight: 400;\">At CLS &amp; Partners we guarantee quality and affordability. A team of native English-Spanish translators and linguists with years of experience translating from and into the Spanish spoken in Latin America and Europe. You can be sure that you&#8217;ll get the best possible service for the lowest possible cost.<\/span><\/p><p>\u00a0<\/p><p><strong>\u00a0Scale and Speed<\/strong><\/p><p><span style=\"font-weight: 400;\">On a time, crunch? With us, you&#8217;ll get quick and scalable translation thanks to our network of native Spanish speakers who are on call around the clock. We can assist with any size job, whether it&#8217;s translating a single tweet, an entire website or a lengthy contract.<\/span><\/p>\t\t\t\t\t\t<\/div>\n\t\t\t\t<\/div>\n\t\t\t\t\t<\/div>\n\t\t<\/div>\n\t\t\t\t\t\t\t<\/div>\n\t\t<\/section>\n\t\t\t\t<section class=\"elementor-section elementor-top-section elementor-element elementor-element-7288630 elementor-section-boxed elementor-section-height-default elementor-section-height-default\" data-id=\"7288630\" data-element_type=\"section\">\n\t\t\t\t\t\t<div class=\"elementor-container elementor-column-gap-default\">\n\t\t\t\t\t<div class=\"elementor-column elementor-col-100 elementor-top-column elementor-element elementor-element-d34e74d\" data-id=\"d34e74d\" data-element_type=\"column\">\n\t\t\t<div class=\"elementor-widget-wrap elementor-element-populated\">\n\t\t\t\t\t\t\t\t<div class=\"elementor-element elementor-element-9998027 elementor-widget elementor-widget-heading\" data-id=\"9998027\" data-element_type=\"widget\" data-widget_type=\"heading.default\">\n\t\t\t\t<div class=\"elementor-widget-container\">\n\t\t\t<h3 class=\"elementor-heading-title elementor-size-default\">Spanish Translation Tips<\/h3>\t\t<\/div>\n\t\t\t\t<\/div>\n\t\t\t\t<div class=\"elementor-element elementor-element-a65ee9d elementor-widget elementor-widget-text-editor\" data-id=\"a65ee9d\" data-element_type=\"widget\" data-widget_type=\"text-editor.default\">\n\t\t\t\t<div class=\"elementor-widget-container\">\n\t\t\t\t\t\t\t<ul><li style=\"font-weight: 400;\" aria-level=\"1\"><strong>Latin American vs. European Spanish<\/strong><\/li><\/ul><p><span style=\"font-weight: 400;\">Which Spanish do I choose? should be your first consideration when starting a Spanish translation project. There are many differences between Spanish spoken in Spain and Spanish spoken in Latin America, much like there are differences between American and British English. Knowing your target audience is crucial when translating into Spanish because some terms and expressions used in one area might not make sense to other Spanish speakers.<\/span><\/p><p>\u00a0<\/p><ul><li style=\"font-weight: 400;\" aria-level=\"1\"><strong>Translation text expansion<\/strong><\/li><\/ul><p><span style=\"font-weight: 400;\">Spanish is a very expressive and poetic language. As a result, sentences frequently grow longer while being translated. Because of the potential effects on layout and design, it is important to carefully consider the fact that your original text may expand by up to 25% when it is translated into Spanish.<\/span><\/p>\t\t\t\t\t\t<\/div>\n\t\t\t\t<\/div>\n\t\t\t\t\t<\/div>\n\t\t<\/div>\n\t\t\t\t\t\t\t<\/div>\n\t\t<\/section>\n\t\t\t\t<section class=\"elementor-section elementor-top-section elementor-element elementor-element-06f01b0 elementor-section-boxed elementor-section-height-default elementor-section-height-default\" data-id=\"06f01b0\" data-element_type=\"section\">\n\t\t\t\t\t\t<div class=\"elementor-container elementor-column-gap-default\">\n\t\t\t\t\t<div class=\"elementor-column elementor-col-100 elementor-top-column elementor-element elementor-element-3c1b154\" data-id=\"3c1b154\" data-element_type=\"column\">\n\t\t\t<div class=\"elementor-widget-wrap elementor-element-populated\">\n\t\t\t\t\t\t\t\t<div class=\"elementor-element elementor-element-e7c7efb elementor-widget elementor-widget-heading\" data-id=\"e7c7efb\" data-element_type=\"widget\" data-widget_type=\"heading.default\">\n\t\t\t\t<div class=\"elementor-widget-container\">\n\t\t\t<h3 class=\"elementor-heading-title elementor-size-default\">Ready To Get Your Translation Started?<\/h3>\t\t<\/div>\n\t\t\t\t<\/div>\n\t\t\t\t<div class=\"elementor-element elementor-element-5264b51 elementor-widget elementor-widget-text-editor\" data-id=\"5264b51\" data-element_type=\"widget\" data-widget_type=\"text-editor.default\">\n\t\t\t\t<div class=\"elementor-widget-container\">\n\t\t\t\t\t\t\t<p><span style=\"font-weight: 400;\">We offer standard and certified translation services in English, Spanish and other languages too. Please get in touch with <\/span><b>CLS &amp; Partners <\/b><span style=\"font-weight: 400;\">support staff before placing an order if you need your documents to be translated between Spanish and a language other than English.<\/span><\/p><p><span style=\"font-weight: 400;\">We are just an email away!<\/span><\/p>\t\t\t\t\t\t<\/div>\n\t\t\t\t<\/div>\n\t\t\t\t\t<\/div>\n\t\t<\/div>\n\t\t\t\t\t\t\t<\/div>\n\t\t<\/section>\n\t\t\t\t\t\t\t<\/div>","protected":false},"excerpt":{"rendered":"<p>English-to-Spanish Translation Service Interact With Spanish Clients With The Finest Translations Customer expectations for quick English-to-Spanish translation services have fundamentally changed as a result of the digital economy. Businesses don&#8217;t want to keep their international customers waiting for days or weeks for high-quality Spanish content. Agility is a requirement for professional Spanish translation services if &hellip;<\/p>\n<p class=\"read-more\"> <a class=\"\" href=\"https:\/\/www.clspartners.co.uk\/es\/english-to-spanish-translation\/\"> <span class=\"screen-reader-text\">Traducci\u00f3n de ingl\u00e9s a espa\u00f1ol<\/span> Leer m\u00e1s &raquo;<\/a><\/p>","protected":false},"author":1,"featured_media":0,"parent":0,"menu_order":0,"comment_status":"closed","ping_status":"closed","template":"","meta":{"site-sidebar-layout":"no-sidebar","site-content-layout":"page-builder","ast-global-header-display":"","ast-banner-title-visibility":"","ast-main-header-display":"","ast-hfb-above-header-display":"","ast-hfb-below-header-display":"","ast-hfb-mobile-header-display":"","site-post-title":"disabled","ast-breadcrumbs-content":"","ast-featured-img":"disabled","footer-sml-layout":"","theme-transparent-header-meta":"enabled","adv-header-id-meta":"","stick-header-meta":"","header-above-stick-meta":"","header-main-stick-meta":"","header-below-stick-meta":"","footnotes":""},"class_list":["post-3050","page","type-page","status-publish","hentry"],"yoast_head":"<!-- This site is optimized with the Yoast SEO plugin v20.10 - https:\/\/yoast.com\/wordpress\/plugins\/seo\/ -->\n<title>English to Spanish Translation Service - CLS &amp; Partners<\/title>\n<meta name=\"description\" content=\"Get accurate English-to-Spanish Translation Service with 100% human translators of CLS &amp; Partners. Expand your global reach and opportunities with us. Contact now!\" \/>\n<meta name=\"robots\" content=\"index, follow, max-snippet:-1, max-image-preview:large, max-video-preview:-1\" \/>\n<link rel=\"canonical\" href=\"https:\/\/www.clspartners.co.uk\/es\/english-to-spanish-translation\/\" \/>\n<meta property=\"og:locale\" content=\"es_ES\" \/>\n<meta property=\"og:type\" content=\"article\" \/>\n<meta property=\"og:title\" content=\"English to Spanish Translation Service - CLS &amp; Partners\" \/>\n<meta property=\"og:description\" content=\"Get accurate English-to-Spanish Translation Service with 100% human translators of CLS &amp; Partners. Expand your global reach and opportunities with us. Contact now!\" \/>\n<meta property=\"og:url\" content=\"https:\/\/www.clspartners.co.uk\/es\/english-to-spanish-translation\/\" \/>\n<meta property=\"og:site_name\" content=\"CLS &amp; Partners\" \/>\n<meta property=\"article:modified_time\" content=\"2023-07-03T11:26:18+00:00\" \/>\n<meta property=\"og:image\" content=\"https:\/\/www.clspartners.co.uk\/wp-content\/uploads\/2023\/02\/Isolologo-CLS-Partners-Color-300x144-1.png\" \/>\n\t<meta property=\"og:image:width\" content=\"300\" \/>\n\t<meta property=\"og:image:height\" content=\"144\" \/>\n\t<meta property=\"og:image:type\" content=\"image\/png\" \/>\n<meta name=\"twitter:card\" content=\"summary_large_image\" \/>\n<meta name=\"twitter:label1\" content=\"Tiempo de lectura\" \/>\n\t<meta name=\"twitter:data1\" content=\"3 minutos\" \/>\n<script type=\"application\/ld+json\" class=\"yoast-schema-graph\">{\"@context\":\"https:\/\/schema.org\",\"@graph\":[{\"@type\":\"WebPage\",\"@id\":\"https:\/\/www.clspartners.co.uk\/english-to-spanish-translation\/\",\"url\":\"https:\/\/www.clspartners.co.uk\/english-to-spanish-translation\/\",\"name\":\"English to Spanish Translation Service - CLS &amp; Partners\",\"isPartOf\":{\"@id\":\"https:\/\/www.clspartners.co.uk\/#website\"},\"datePublished\":\"2021-11-21T15:14:19+00:00\",\"dateModified\":\"2023-07-03T11:26:18+00:00\",\"description\":\"Get accurate English-to-Spanish Translation Service with 100% human translators of CLS & Partners. Expand your global reach and opportunities with us. Contact now!\",\"breadcrumb\":{\"@id\":\"https:\/\/www.clspartners.co.uk\/english-to-spanish-translation\/#breadcrumb\"},\"inLanguage\":\"es-AR\",\"potentialAction\":[{\"@type\":\"ReadAction\",\"target\":[\"https:\/\/www.clspartners.co.uk\/english-to-spanish-translation\/\"]}]},{\"@type\":\"BreadcrumbList\",\"@id\":\"https:\/\/www.clspartners.co.uk\/english-to-spanish-translation\/#breadcrumb\",\"itemListElement\":[{\"@type\":\"ListItem\",\"position\":1,\"name\":\"Home\",\"item\":\"https:\/\/www.clspartners.co.uk\/\"},{\"@type\":\"ListItem\",\"position\":2,\"name\":\"English to Spanish translation\"}]},{\"@type\":\"WebSite\",\"@id\":\"https:\/\/www.clspartners.co.uk\/#website\",\"url\":\"https:\/\/www.clspartners.co.uk\/\",\"name\":\"CLS & Partners\",\"description\":\"\",\"publisher\":{\"@id\":\"https:\/\/www.clspartners.co.uk\/#organization\"},\"potentialAction\":[{\"@type\":\"SearchAction\",\"target\":{\"@type\":\"EntryPoint\",\"urlTemplate\":\"https:\/\/www.clspartners.co.uk\/?s={search_term_string}\"},\"query-input\":\"required name=search_term_string\"}],\"inLanguage\":\"es-AR\"},{\"@type\":\"Organization\",\"@id\":\"https:\/\/www.clspartners.co.uk\/#organization\",\"name\":\"CLS & Partners\",\"url\":\"https:\/\/www.clspartners.co.uk\/\",\"logo\":{\"@type\":\"ImageObject\",\"inLanguage\":\"es-AR\",\"@id\":\"https:\/\/www.clspartners.co.uk\/#\/schema\/logo\/image\/\",\"url\":\"https:\/\/www.clspartners.co.uk\/wp-content\/uploads\/2023\/02\/Isolologo-CLS-Partners-Color-300x144-1.png\",\"contentUrl\":\"https:\/\/www.clspartners.co.uk\/wp-content\/uploads\/2023\/02\/Isolologo-CLS-Partners-Color-300x144-1.png\",\"width\":300,\"height\":144,\"caption\":\"CLS & Partners\"},\"image\":{\"@id\":\"https:\/\/www.clspartners.co.uk\/#\/schema\/logo\/image\/\"},\"sameAs\":[\"https:\/\/www.instagram.com\/cls.uk.official\/\",\"https:\/\/uk.linkedin.com\/in\/clspartners\",\"https:\/\/www.youtube.com\/channel\/UCXlds9qAPujlw8VWN1YFflw\"]}]}<\/script>\n<!-- \/ Yoast SEO plugin. -->","yoast_head_json":{"title":"English to Spanish Translation Service - CLS &amp; Partners","description":"Get accurate English-to-Spanish Translation Service with 100% human translators of CLS & Partners. Expand your global reach and opportunities with us. Contact now!","robots":{"index":"index","follow":"follow","max-snippet":"max-snippet:-1","max-image-preview":"max-image-preview:large","max-video-preview":"max-video-preview:-1"},"canonical":"https:\/\/www.clspartners.co.uk\/es\/english-to-spanish-translation\/","og_locale":"es_ES","og_type":"article","og_title":"English to Spanish Translation Service - CLS &amp; Partners","og_description":"Get accurate English-to-Spanish Translation Service with 100% human translators of CLS & Partners. Expand your global reach and opportunities with us. Contact now!","og_url":"https:\/\/www.clspartners.co.uk\/es\/english-to-spanish-translation\/","og_site_name":"CLS &amp; Partners","article_modified_time":"2023-07-03T11:26:18+00:00","og_image":[{"width":300,"height":144,"url":"https:\/\/www.clspartners.co.uk\/wp-content\/uploads\/2023\/02\/Isolologo-CLS-Partners-Color-300x144-1.png","type":"image\/png"}],"twitter_card":"summary_large_image","twitter_misc":{"Tiempo de lectura":"3 minutos"},"schema":{"@context":"https:\/\/schema.org","@graph":[{"@type":"WebPage","@id":"https:\/\/www.clspartners.co.uk\/english-to-spanish-translation\/","url":"https:\/\/www.clspartners.co.uk\/english-to-spanish-translation\/","name":"English to Spanish Translation Service - CLS &amp; Partners","isPartOf":{"@id":"https:\/\/www.clspartners.co.uk\/#website"},"datePublished":"2021-11-21T15:14:19+00:00","dateModified":"2023-07-03T11:26:18+00:00","description":"Get accurate English-to-Spanish Translation Service with 100% human translators of CLS & Partners. Expand your global reach and opportunities with us. Contact now!","breadcrumb":{"@id":"https:\/\/www.clspartners.co.uk\/english-to-spanish-translation\/#breadcrumb"},"inLanguage":"es-AR","potentialAction":[{"@type":"ReadAction","target":["https:\/\/www.clspartners.co.uk\/english-to-spanish-translation\/"]}]},{"@type":"BreadcrumbList","@id":"https:\/\/www.clspartners.co.uk\/english-to-spanish-translation\/#breadcrumb","itemListElement":[{"@type":"ListItem","position":1,"name":"Home","item":"https:\/\/www.clspartners.co.uk\/"},{"@type":"ListItem","position":2,"name":"English to Spanish translation"}]},{"@type":"WebSite","@id":"https:\/\/www.clspartners.co.uk\/#website","url":"https:\/\/www.clspartners.co.uk\/","name":"CLS & Partners","description":"","publisher":{"@id":"https:\/\/www.clspartners.co.uk\/#organization"},"potentialAction":[{"@type":"SearchAction","target":{"@type":"EntryPoint","urlTemplate":"https:\/\/www.clspartners.co.uk\/?s={search_term_string}"},"query-input":"required name=search_term_string"}],"inLanguage":"es-AR"},{"@type":"Organization","@id":"https:\/\/www.clspartners.co.uk\/#organization","name":"CLS & Partners","url":"https:\/\/www.clspartners.co.uk\/","logo":{"@type":"ImageObject","inLanguage":"es-AR","@id":"https:\/\/www.clspartners.co.uk\/#\/schema\/logo\/image\/","url":"https:\/\/www.clspartners.co.uk\/wp-content\/uploads\/2023\/02\/Isolologo-CLS-Partners-Color-300x144-1.png","contentUrl":"https:\/\/www.clspartners.co.uk\/wp-content\/uploads\/2023\/02\/Isolologo-CLS-Partners-Color-300x144-1.png","width":300,"height":144,"caption":"CLS & Partners"},"image":{"@id":"https:\/\/www.clspartners.co.uk\/#\/schema\/logo\/image\/"},"sameAs":["https:\/\/www.instagram.com\/cls.uk.official\/","https:\/\/uk.linkedin.com\/in\/clspartners","https:\/\/www.youtube.com\/channel\/UCXlds9qAPujlw8VWN1YFflw"]}]}},"_links":{"self":[{"href":"https:\/\/www.clspartners.co.uk\/es\/wp-json\/wp\/v2\/pages\/3050","targetHints":{"allow":["GET"]}}],"collection":[{"href":"https:\/\/www.clspartners.co.uk\/es\/wp-json\/wp\/v2\/pages"}],"about":[{"href":"https:\/\/www.clspartners.co.uk\/es\/wp-json\/wp\/v2\/types\/page"}],"author":[{"embeddable":true,"href":"https:\/\/www.clspartners.co.uk\/es\/wp-json\/wp\/v2\/users\/1"}],"replies":[{"embeddable":true,"href":"https:\/\/www.clspartners.co.uk\/es\/wp-json\/wp\/v2\/comments?post=3050"}],"version-history":[{"count":23,"href":"https:\/\/www.clspartners.co.uk\/es\/wp-json\/wp\/v2\/pages\/3050\/revisions"}],"predecessor-version":[{"id":3398,"href":"https:\/\/www.clspartners.co.uk\/es\/wp-json\/wp\/v2\/pages\/3050\/revisions\/3398"}],"wp:attachment":[{"href":"https:\/\/www.clspartners.co.uk\/es\/wp-json\/wp\/v2\/media?parent=3050"}],"curies":[{"name":"wp","href":"https:\/\/api.w.org\/{rel}","templated":true}]}}