{"id":2901,"date":"2021-11-21T15:14:19","date_gmt":"2021-11-21T15:14:19","guid":{"rendered":"https:\/\/zotrocks.com\/clspartners\/?page_id=2901"},"modified":"2023-07-03T12:17:52","modified_gmt":"2023-07-03T12:17:52","slug":"spanish-to-english-translation","status":"publish","type":"page","link":"https:\/\/www.clspartners.co.uk\/es\/spanish-to-english-translation\/","title":{"rendered":"Traducci\u00f3n de espa\u00f1ol a ingl\u00e9s"},"content":{"rendered":"<div data-elementor-type=\"wp-page\" data-elementor-id=\"2901\" class=\"elementor elementor-2901\">\n\t\t\t\t\t\t\t\t\t<section class=\"elementor-section elementor-top-section elementor-element elementor-element-5f85100 elementor-section-boxed elementor-section-height-default elementor-section-height-default\" data-id=\"5f85100\" data-element_type=\"section\">\n\t\t\t\t\t\t<div class=\"elementor-container elementor-column-gap-default\">\n\t\t\t\t\t<div class=\"elementor-column elementor-col-100 elementor-top-column elementor-element elementor-element-f394cfb\" data-id=\"f394cfb\" data-element_type=\"column\">\n\t\t\t<div class=\"elementor-widget-wrap elementor-element-populated\">\n\t\t\t\t\t\t\t\t<div class=\"elementor-element elementor-element-646d928 elementor-widget elementor-widget-spacer\" data-id=\"646d928\" data-element_type=\"widget\" data-widget_type=\"spacer.default\">\n\t\t\t\t<div class=\"elementor-widget-container\">\n\t\t\t<style>\/*! elementor - v3.14.0 - 26-06-2023 *\/\n.elementor-column .elementor-spacer-inner{height:var(--spacer-size)}.e-con{--container-widget-width:100%}.e-con-inner>.elementor-widget-spacer,.e-con>.elementor-widget-spacer{width:var(--container-widget-width,var(--spacer-size));--align-self:var(--container-widget-align-self,initial);--flex-shrink:0}.e-con-inner>.elementor-widget-spacer>.elementor-widget-container,.e-con-inner>.elementor-widget-spacer>.elementor-widget-container>.elementor-spacer,.e-con>.elementor-widget-spacer>.elementor-widget-container,.e-con>.elementor-widget-spacer>.elementor-widget-container>.elementor-spacer{height:100%}.e-con-inner>.elementor-widget-spacer>.elementor-widget-container>.elementor-spacer>.elementor-spacer-inner,.e-con>.elementor-widget-spacer>.elementor-widget-container>.elementor-spacer>.elementor-spacer-inner{height:var(--container-widget-height,var(--spacer-size))}<\/style>\t\t<div class=\"elementor-spacer\">\n\t\t\t<div class=\"elementor-spacer-inner\"><\/div>\n\t\t<\/div>\n\t\t\t\t<\/div>\n\t\t\t\t<\/div>\n\t\t\t\t\t<\/div>\n\t\t<\/div>\n\t\t\t\t\t\t\t<\/div>\n\t\t<\/section>\n\t\t\t\t<section class=\"elementor-section elementor-top-section elementor-element elementor-element-37cf4c4 elementor-section-boxed elementor-section-height-default elementor-section-height-default\" data-id=\"37cf4c4\" data-element_type=\"section\">\n\t\t\t\t\t\t<div class=\"elementor-container elementor-column-gap-default\">\n\t\t\t\t\t<div class=\"elementor-column elementor-col-100 elementor-top-column elementor-element elementor-element-d1a6172\" data-id=\"d1a6172\" data-element_type=\"column\">\n\t\t\t<div class=\"elementor-widget-wrap elementor-element-populated\">\n\t\t\t\t\t\t\t\t<div class=\"elementor-element elementor-element-e36e5f7 elementor-widget elementor-widget-heading\" data-id=\"e36e5f7\" data-element_type=\"widget\" data-widget_type=\"heading.default\">\n\t\t\t\t<div class=\"elementor-widget-container\">\n\t\t\t<style>\/*! elementor - v3.14.0 - 26-06-2023 *\/\n.elementor-heading-title{padding:0;margin:0;line-height:1}.elementor-widget-heading .elementor-heading-title[class*=elementor-size-]>a{color:inherit;font-size:inherit;line-height:inherit}.elementor-widget-heading .elementor-heading-title.elementor-size-small{font-size:15px}.elementor-widget-heading .elementor-heading-title.elementor-size-medium{font-size:19px}.elementor-widget-heading .elementor-heading-title.elementor-size-large{font-size:29px}.elementor-widget-heading .elementor-heading-title.elementor-size-xl{font-size:39px}.elementor-widget-heading .elementor-heading-title.elementor-size-xxl{font-size:59px}<\/style><h1 class=\"elementor-heading-title elementor-size-default\">Spanish-to-English Translation Service\n<\/h1>\t\t<\/div>\n\t\t\t\t<\/div>\n\t\t\t\t\t<\/div>\n\t\t<\/div>\n\t\t\t\t\t\t\t<\/div>\n\t\t<\/section>\n\t\t\t\t<section class=\"elementor-section elementor-top-section elementor-element elementor-element-792605d elementor-section-boxed elementor-section-height-default elementor-section-height-default\" data-id=\"792605d\" data-element_type=\"section\">\n\t\t\t\t\t\t<div class=\"elementor-container elementor-column-gap-default\">\n\t\t\t\t\t<div class=\"elementor-column elementor-col-100 elementor-top-column elementor-element elementor-element-6c4bc03\" data-id=\"6c4bc03\" data-element_type=\"column\">\n\t\t\t<div class=\"elementor-widget-wrap elementor-element-populated\">\n\t\t\t\t\t\t\t\t<div class=\"elementor-element elementor-element-2ad7d01 elementor-widget elementor-widget-spacer\" data-id=\"2ad7d01\" data-element_type=\"widget\" data-widget_type=\"spacer.default\">\n\t\t\t\t<div class=\"elementor-widget-container\">\n\t\t\t\t\t<div class=\"elementor-spacer\">\n\t\t\t<div class=\"elementor-spacer-inner\"><\/div>\n\t\t<\/div>\n\t\t\t\t<\/div>\n\t\t\t\t<\/div>\n\t\t\t\t\t<\/div>\n\t\t<\/div>\n\t\t\t\t\t\t\t<\/div>\n\t\t<\/section>\n\t\t\t\t<section class=\"elementor-section elementor-top-section elementor-element elementor-element-318023f elementor-section-boxed elementor-section-height-default elementor-section-height-default\" data-id=\"318023f\" data-element_type=\"section\">\n\t\t\t\t\t\t<div class=\"elementor-container elementor-column-gap-default\">\n\t\t\t\t\t<div class=\"elementor-column elementor-col-100 elementor-top-column elementor-element elementor-element-7db7238\" data-id=\"7db7238\" data-element_type=\"column\">\n\t\t\t<div class=\"elementor-widget-wrap elementor-element-populated\">\n\t\t\t\t\t\t\t\t<div class=\"elementor-element elementor-element-ab1e8e8 elementor-widget elementor-widget-text-editor\" data-id=\"ab1e8e8\" data-element_type=\"widget\" data-widget_type=\"text-editor.default\">\n\t\t\t\t<div class=\"elementor-widget-container\">\n\t\t\t<style>\/*! elementor - v3.14.0 - 26-06-2023 *\/\n.elementor-widget-text-editor.elementor-drop-cap-view-stacked .elementor-drop-cap{background-color:#69727d;color:#fff}.elementor-widget-text-editor.elementor-drop-cap-view-framed .elementor-drop-cap{color:#69727d;border:3px solid;background-color:transparent}.elementor-widget-text-editor:not(.elementor-drop-cap-view-default) .elementor-drop-cap{margin-top:8px}.elementor-widget-text-editor:not(.elementor-drop-cap-view-default) .elementor-drop-cap-letter{width:1em;height:1em}.elementor-widget-text-editor .elementor-drop-cap{float:left;text-align:center;line-height:1;font-size:50px}.elementor-widget-text-editor .elementor-drop-cap-letter{display:inline-block}<\/style>\t\t\t\t<p>Translation between Spanish and English is crucial because they are two of the five most spoken languages in the world. Almost all industries and at least three continents around the world require the translation of documents from Spanish to English; these translations are necessary.<\/p>\t\t\t\t\t\t<\/div>\n\t\t\t\t<\/div>\n\t\t\t\t\t<\/div>\n\t\t<\/div>\n\t\t\t\t\t\t\t<\/div>\n\t\t<\/section>\n\t\t\t\t<section class=\"elementor-section elementor-top-section elementor-element elementor-element-df2e03e elementor-section-boxed elementor-section-height-default elementor-section-height-default\" data-id=\"df2e03e\" data-element_type=\"section\">\n\t\t\t\t\t\t<div class=\"elementor-container elementor-column-gap-default\">\n\t\t\t\t\t<div class=\"elementor-column elementor-col-100 elementor-top-column elementor-element elementor-element-f4bb14d\" data-id=\"f4bb14d\" data-element_type=\"column\">\n\t\t\t<div class=\"elementor-widget-wrap elementor-element-populated\">\n\t\t\t\t\t\t\t\t<div class=\"elementor-element elementor-element-9d5e016 elementor-widget elementor-widget-heading\" data-id=\"9d5e016\" data-element_type=\"widget\" data-widget_type=\"heading.default\">\n\t\t\t\t<div class=\"elementor-widget-container\">\n\t\t\t<h2 class=\"elementor-heading-title elementor-size-default\">Fast &amp; Quick Spanish-to-English Translation Services<\/h2>\t\t<\/div>\n\t\t\t\t<\/div>\n\t\t\t\t<div class=\"elementor-element elementor-element-0acfaec elementor-widget elementor-widget-text-editor\" data-id=\"0acfaec\" data-element_type=\"widget\" data-widget_type=\"text-editor.default\">\n\t\t\t\t<div class=\"elementor-widget-container\">\n\t\t\t\t\t\t\t<p>Spanish-speaking communities make up nearly 20% of the population in North America, making the U.S. and Mexico home to the two largest Spanish-speaking populations on earth. In the UK, even 6% of the population is Spanish.<\/p><p>Spanish-to-English translation is necessary due to the ongoing interaction and exchange of English and Spanish speakers. There are numerous compelling reasons for Spanish-to-English translation, including Spanish-language publications, offerings, websites, scientific papers, user manuals and much more.<\/p>\t\t\t\t\t\t<\/div>\n\t\t\t\t<\/div>\n\t\t\t\t\t<\/div>\n\t\t<\/div>\n\t\t\t\t\t\t\t<\/div>\n\t\t<\/section>\n\t\t\t\t<section class=\"elementor-section elementor-top-section elementor-element elementor-element-140c74c elementor-section-boxed elementor-section-height-default elementor-section-height-default\" data-id=\"140c74c\" data-element_type=\"section\">\n\t\t\t\t\t\t<div class=\"elementor-container elementor-column-gap-default\">\n\t\t\t\t\t<div class=\"elementor-column elementor-col-100 elementor-top-column elementor-element elementor-element-84c49ae\" data-id=\"84c49ae\" data-element_type=\"column\">\n\t\t\t<div class=\"elementor-widget-wrap elementor-element-populated\">\n\t\t\t\t\t\t\t\t<div class=\"elementor-element elementor-element-dbf0889 elementor-widget elementor-widget-heading\" data-id=\"dbf0889\" data-element_type=\"widget\" data-widget_type=\"heading.default\">\n\t\t\t\t<div class=\"elementor-widget-container\">\n\t\t\t<h2 class=\"elementor-heading-title elementor-size-default\">Spanish-to-English Translation Process<\/h2>\t\t<\/div>\n\t\t\t\t<\/div>\n\t\t\t\t<div class=\"elementor-element elementor-element-97c9ef9 elementor-widget elementor-widget-text-editor\" data-id=\"97c9ef9\" data-element_type=\"widget\" data-widget_type=\"text-editor.default\">\n\t\t\t\t<div class=\"elementor-widget-container\">\n\t\t\t\t\t\t\t<p>You can confidently submit your manuscript to an English-language journal thanks to our strict quality-centric processes.<\/p><p><br \/>Translation: Your manuscript is converted into English by a qualified translator with expertise in your field, with an emphasis on specialized vocabulary and subject-area conventions.<\/p><p><br \/>Bilingual evaluation: A bilingual expert verifies the translation&amp;#39;s accuracy and makes sure your original meaning is accurately translated.<\/p><p><br \/>The language: The translated text is edited by a subject specialist for language, grammar,clarity, fluency, punctuation, style, and formatting.<\/p><p><br \/>Final analysis: Before sending you the final, publication-ready files, a senior reviewer conducts a final check to guarantee that all of your requirements have been met.<\/p>\t\t\t\t\t\t<\/div>\n\t\t\t\t<\/div>\n\t\t\t\t\t<\/div>\n\t\t<\/div>\n\t\t\t\t\t\t\t<\/div>\n\t\t<\/section>\n\t\t\t\t<section class=\"elementor-section elementor-top-section elementor-element elementor-element-7288630 elementor-section-boxed elementor-section-height-default elementor-section-height-default\" data-id=\"7288630\" data-element_type=\"section\">\n\t\t\t\t\t\t<div class=\"elementor-container elementor-column-gap-default\">\n\t\t\t\t\t<div class=\"elementor-column elementor-col-100 elementor-top-column elementor-element elementor-element-d34e74d\" data-id=\"d34e74d\" data-element_type=\"column\">\n\t\t\t<div class=\"elementor-widget-wrap elementor-element-populated\">\n\t\t\t\t\t\t\t\t<div class=\"elementor-element elementor-element-9998027 elementor-widget elementor-widget-heading\" data-id=\"9998027\" data-element_type=\"widget\" data-widget_type=\"heading.default\">\n\t\t\t\t<div class=\"elementor-widget-container\">\n\t\t\t<h3 class=\"elementor-heading-title elementor-size-default\">Like never before, translate your Spanish content easily<\/h3>\t\t<\/div>\n\t\t\t\t<\/div>\n\t\t\t\t<div class=\"elementor-element elementor-element-a65ee9d elementor-widget elementor-widget-text-editor\" data-id=\"a65ee9d\" data-element_type=\"widget\" data-widget_type=\"text-editor.default\">\n\t\t\t\t<div class=\"elementor-widget-container\">\n\t\t\t\t\t\t\t<p>Are you looking for a reputable translation agency to accurately, quickly, and simply translate your technical documents, marketing materials, websites, or software apps from Spanish to English? Consider CLS &amp; Partners first. For all industries, we offer technically precise and linguistically fluid Spanish translation services.<\/p><p>All varieties of Spanish are covered by qualified Spanish translators at CLS &amp;amp; Partners. From telecom RFs, legal documents, and engineering documents to Spanish website translation, and Spanish <a href=\"https:\/\/www.clspartners.co.uk\/es\/localization-services\/\"><strong>localization<\/strong><\/a> of SEO content. We have a proven track record of providing clients worldwide with expert <strong>Spanish-to-English translation<\/strong> at the most competitive rates. Simply email us or connect via Whatsapp or WeChat, available around the clock, to inquire about a Spanish-to-English translation.<\/p>\t\t\t\t\t\t<\/div>\n\t\t\t\t<\/div>\n\t\t\t\t\t<\/div>\n\t\t<\/div>\n\t\t\t\t\t\t\t<\/div>\n\t\t<\/section>\n\t\t\t\t<section class=\"elementor-section elementor-top-section elementor-element elementor-element-8f2fd79 elementor-section-boxed elementor-section-height-default elementor-section-height-default\" data-id=\"8f2fd79\" data-element_type=\"section\">\n\t\t\t\t\t\t<div class=\"elementor-container elementor-column-gap-default\">\n\t\t\t\t\t<div class=\"elementor-column elementor-col-100 elementor-top-column elementor-element elementor-element-ffe54f2\" data-id=\"ffe54f2\" data-element_type=\"column\">\n\t\t\t<div class=\"elementor-widget-wrap elementor-element-populated\">\n\t\t\t\t\t\t\t\t<div class=\"elementor-element elementor-element-8ffb4ef elementor-widget elementor-widget-spacer\" data-id=\"8ffb4ef\" data-element_type=\"widget\" data-widget_type=\"spacer.default\">\n\t\t\t\t<div class=\"elementor-widget-container\">\n\t\t\t\t\t<div class=\"elementor-spacer\">\n\t\t\t<div class=\"elementor-spacer-inner\"><\/div>\n\t\t<\/div>\n\t\t\t\t<\/div>\n\t\t\t\t<\/div>\n\t\t\t\t\t<\/div>\n\t\t<\/div>\n\t\t\t\t\t\t\t<\/div>\n\t\t<\/section>\n\t\t\t\t\t\t\t<\/div>","protected":false},"excerpt":{"rendered":"<p>Spanish-to-English Translation Service Translation between Spanish and English is crucial because they are two of the five most spoken languages in the world. Almost all industries and at least three continents around the world require the translation of documents from Spanish to English; these translations are necessary. Fast &amp; Quick Spanish-to-English Translation Services Spanish-speaking communities &hellip;<\/p>\n<p class=\"read-more\"> <a class=\"\" href=\"https:\/\/www.clspartners.co.uk\/es\/spanish-to-english-translation\/\"> <span class=\"screen-reader-text\">Traducci\u00f3n de espa\u00f1ol a ingl\u00e9s<\/span> Leer m\u00e1s &raquo;<\/a><\/p>","protected":false},"author":1,"featured_media":0,"parent":0,"menu_order":0,"comment_status":"closed","ping_status":"closed","template":"","meta":{"site-sidebar-layout":"no-sidebar","site-content-layout":"page-builder","ast-global-header-display":"","ast-banner-title-visibility":"","ast-main-header-display":"","ast-hfb-above-header-display":"","ast-hfb-below-header-display":"","ast-hfb-mobile-header-display":"","site-post-title":"disabled","ast-breadcrumbs-content":"","ast-featured-img":"disabled","footer-sml-layout":"","theme-transparent-header-meta":"enabled","adv-header-id-meta":"","stick-header-meta":"","header-above-stick-meta":"","header-main-stick-meta":"","header-below-stick-meta":"","footnotes":""},"class_list":["post-2901","page","type-page","status-publish","hentry"],"yoast_head":"<!-- This site is optimized with the Yoast SEO plugin v20.10 - https:\/\/yoast.com\/wordpress\/plugins\/seo\/ -->\n<title>Spanish-To-English Translation Service - CLS &amp; Partners<\/title>\n<meta name=\"description\" content=\"Get Spanish-to-English translation services online from CLS &amp; Partners. Spanish is spoken by over 486 million people, so translating and localizing your content will open up a lot of opportunities for you.\" \/>\n<meta name=\"robots\" content=\"index, follow, max-snippet:-1, max-image-preview:large, max-video-preview:-1\" \/>\n<link rel=\"canonical\" href=\"https:\/\/www.clspartners.co.uk\/es\/spanish-to-english-translation\/\" \/>\n<meta property=\"og:locale\" content=\"es_ES\" \/>\n<meta property=\"og:type\" content=\"article\" \/>\n<meta property=\"og:title\" content=\"Spanish-To-English Translation Service - CLS &amp; Partners\" \/>\n<meta property=\"og:description\" content=\"Get Spanish-to-English translation services online from CLS &amp; Partners. Spanish is spoken by over 486 million people, so translating and localizing your content will open up a lot of opportunities for you.\" \/>\n<meta property=\"og:url\" content=\"https:\/\/www.clspartners.co.uk\/es\/spanish-to-english-translation\/\" \/>\n<meta property=\"og:site_name\" content=\"CLS &amp; Partners\" \/>\n<meta property=\"article:modified_time\" content=\"2023-07-03T12:17:52+00:00\" \/>\n<meta property=\"og:image\" content=\"https:\/\/www.clspartners.co.uk\/wp-content\/uploads\/2023\/02\/Isolologo-CLS-Partners-Color-300x144-1.png\" \/>\n\t<meta property=\"og:image:width\" content=\"300\" \/>\n\t<meta property=\"og:image:height\" content=\"144\" \/>\n\t<meta property=\"og:image:type\" content=\"image\/png\" \/>\n<meta name=\"twitter:card\" content=\"summary_large_image\" \/>\n<meta name=\"twitter:label1\" content=\"Tiempo de lectura\" \/>\n\t<meta name=\"twitter:data1\" content=\"2 minutos\" \/>\n<script type=\"application\/ld+json\" class=\"yoast-schema-graph\">{\"@context\":\"https:\/\/schema.org\",\"@graph\":[{\"@type\":\"WebPage\",\"@id\":\"https:\/\/www.clspartners.co.uk\/spanish-to-english-translation\/\",\"url\":\"https:\/\/www.clspartners.co.uk\/spanish-to-english-translation\/\",\"name\":\"Spanish-To-English Translation Service - CLS & Partners\",\"isPartOf\":{\"@id\":\"https:\/\/www.clspartners.co.uk\/#website\"},\"datePublished\":\"2021-11-21T15:14:19+00:00\",\"dateModified\":\"2023-07-03T12:17:52+00:00\",\"description\":\"Get Spanish-to-English translation services online from CLS & Partners. Spanish is spoken by over 486 million people, so translating and localizing your content will open up a lot of opportunities for you.\",\"breadcrumb\":{\"@id\":\"https:\/\/www.clspartners.co.uk\/spanish-to-english-translation\/#breadcrumb\"},\"inLanguage\":\"es-AR\",\"potentialAction\":[{\"@type\":\"ReadAction\",\"target\":[\"https:\/\/www.clspartners.co.uk\/spanish-to-english-translation\/\"]}]},{\"@type\":\"BreadcrumbList\",\"@id\":\"https:\/\/www.clspartners.co.uk\/spanish-to-english-translation\/#breadcrumb\",\"itemListElement\":[{\"@type\":\"ListItem\",\"position\":1,\"name\":\"Home\",\"item\":\"https:\/\/www.clspartners.co.uk\/\"},{\"@type\":\"ListItem\",\"position\":2,\"name\":\"Spanish to English Translation\"}]},{\"@type\":\"WebSite\",\"@id\":\"https:\/\/www.clspartners.co.uk\/#website\",\"url\":\"https:\/\/www.clspartners.co.uk\/\",\"name\":\"CLS & Partners\",\"description\":\"\",\"publisher\":{\"@id\":\"https:\/\/www.clspartners.co.uk\/#organization\"},\"potentialAction\":[{\"@type\":\"SearchAction\",\"target\":{\"@type\":\"EntryPoint\",\"urlTemplate\":\"https:\/\/www.clspartners.co.uk\/?s={search_term_string}\"},\"query-input\":\"required name=search_term_string\"}],\"inLanguage\":\"es-AR\"},{\"@type\":\"Organization\",\"@id\":\"https:\/\/www.clspartners.co.uk\/#organization\",\"name\":\"CLS & Partners\",\"url\":\"https:\/\/www.clspartners.co.uk\/\",\"logo\":{\"@type\":\"ImageObject\",\"inLanguage\":\"es-AR\",\"@id\":\"https:\/\/www.clspartners.co.uk\/#\/schema\/logo\/image\/\",\"url\":\"https:\/\/www.clspartners.co.uk\/wp-content\/uploads\/2023\/02\/Isolologo-CLS-Partners-Color-300x144-1.png\",\"contentUrl\":\"https:\/\/www.clspartners.co.uk\/wp-content\/uploads\/2023\/02\/Isolologo-CLS-Partners-Color-300x144-1.png\",\"width\":300,\"height\":144,\"caption\":\"CLS & Partners\"},\"image\":{\"@id\":\"https:\/\/www.clspartners.co.uk\/#\/schema\/logo\/image\/\"},\"sameAs\":[\"https:\/\/www.instagram.com\/cls.uk.official\/\",\"https:\/\/uk.linkedin.com\/in\/clspartners\",\"https:\/\/www.youtube.com\/channel\/UCXlds9qAPujlw8VWN1YFflw\"]}]}<\/script>\n<!-- \/ Yoast SEO plugin. -->","yoast_head_json":{"title":"Spanish-To-English Translation Service - CLS & Partners","description":"Get Spanish-to-English translation services online from CLS & Partners. Spanish is spoken by over 486 million people, so translating and localizing your content will open up a lot of opportunities for you.","robots":{"index":"index","follow":"follow","max-snippet":"max-snippet:-1","max-image-preview":"max-image-preview:large","max-video-preview":"max-video-preview:-1"},"canonical":"https:\/\/www.clspartners.co.uk\/es\/spanish-to-english-translation\/","og_locale":"es_ES","og_type":"article","og_title":"Spanish-To-English Translation Service - CLS & Partners","og_description":"Get Spanish-to-English translation services online from CLS & Partners. Spanish is spoken by over 486 million people, so translating and localizing your content will open up a lot of opportunities for you.","og_url":"https:\/\/www.clspartners.co.uk\/es\/spanish-to-english-translation\/","og_site_name":"CLS &amp; Partners","article_modified_time":"2023-07-03T12:17:52+00:00","og_image":[{"width":300,"height":144,"url":"https:\/\/www.clspartners.co.uk\/wp-content\/uploads\/2023\/02\/Isolologo-CLS-Partners-Color-300x144-1.png","type":"image\/png"}],"twitter_card":"summary_large_image","twitter_misc":{"Tiempo de lectura":"2 minutos"},"schema":{"@context":"https:\/\/schema.org","@graph":[{"@type":"WebPage","@id":"https:\/\/www.clspartners.co.uk\/spanish-to-english-translation\/","url":"https:\/\/www.clspartners.co.uk\/spanish-to-english-translation\/","name":"Spanish-To-English Translation Service - CLS & Partners","isPartOf":{"@id":"https:\/\/www.clspartners.co.uk\/#website"},"datePublished":"2021-11-21T15:14:19+00:00","dateModified":"2023-07-03T12:17:52+00:00","description":"Get Spanish-to-English translation services online from CLS & Partners. Spanish is spoken by over 486 million people, so translating and localizing your content will open up a lot of opportunities for you.","breadcrumb":{"@id":"https:\/\/www.clspartners.co.uk\/spanish-to-english-translation\/#breadcrumb"},"inLanguage":"es-AR","potentialAction":[{"@type":"ReadAction","target":["https:\/\/www.clspartners.co.uk\/spanish-to-english-translation\/"]}]},{"@type":"BreadcrumbList","@id":"https:\/\/www.clspartners.co.uk\/spanish-to-english-translation\/#breadcrumb","itemListElement":[{"@type":"ListItem","position":1,"name":"Home","item":"https:\/\/www.clspartners.co.uk\/"},{"@type":"ListItem","position":2,"name":"Spanish to English Translation"}]},{"@type":"WebSite","@id":"https:\/\/www.clspartners.co.uk\/#website","url":"https:\/\/www.clspartners.co.uk\/","name":"CLS & Partners","description":"","publisher":{"@id":"https:\/\/www.clspartners.co.uk\/#organization"},"potentialAction":[{"@type":"SearchAction","target":{"@type":"EntryPoint","urlTemplate":"https:\/\/www.clspartners.co.uk\/?s={search_term_string}"},"query-input":"required name=search_term_string"}],"inLanguage":"es-AR"},{"@type":"Organization","@id":"https:\/\/www.clspartners.co.uk\/#organization","name":"CLS & Partners","url":"https:\/\/www.clspartners.co.uk\/","logo":{"@type":"ImageObject","inLanguage":"es-AR","@id":"https:\/\/www.clspartners.co.uk\/#\/schema\/logo\/image\/","url":"https:\/\/www.clspartners.co.uk\/wp-content\/uploads\/2023\/02\/Isolologo-CLS-Partners-Color-300x144-1.png","contentUrl":"https:\/\/www.clspartners.co.uk\/wp-content\/uploads\/2023\/02\/Isolologo-CLS-Partners-Color-300x144-1.png","width":300,"height":144,"caption":"CLS & Partners"},"image":{"@id":"https:\/\/www.clspartners.co.uk\/#\/schema\/logo\/image\/"},"sameAs":["https:\/\/www.instagram.com\/cls.uk.official\/","https:\/\/uk.linkedin.com\/in\/clspartners","https:\/\/www.youtube.com\/channel\/UCXlds9qAPujlw8VWN1YFflw"]}]}},"_links":{"self":[{"href":"https:\/\/www.clspartners.co.uk\/es\/wp-json\/wp\/v2\/pages\/2901","targetHints":{"allow":["GET"]}}],"collection":[{"href":"https:\/\/www.clspartners.co.uk\/es\/wp-json\/wp\/v2\/pages"}],"about":[{"href":"https:\/\/www.clspartners.co.uk\/es\/wp-json\/wp\/v2\/types\/page"}],"author":[{"embeddable":true,"href":"https:\/\/www.clspartners.co.uk\/es\/wp-json\/wp\/v2\/users\/1"}],"replies":[{"embeddable":true,"href":"https:\/\/www.clspartners.co.uk\/es\/wp-json\/wp\/v2\/comments?post=2901"}],"version-history":[{"count":50,"href":"https:\/\/www.clspartners.co.uk\/es\/wp-json\/wp\/v2\/pages\/2901\/revisions"}],"predecessor-version":[{"id":3424,"href":"https:\/\/www.clspartners.co.uk\/es\/wp-json\/wp\/v2\/pages\/2901\/revisions\/3424"}],"wp:attachment":[{"href":"https:\/\/www.clspartners.co.uk\/es\/wp-json\/wp\/v2\/media?parent=2901"}],"curies":[{"name":"wp","href":"https:\/\/api.w.org\/{rel}","templated":true}]}}